{"id":98,"date":"2020-11-18T15:48:08","date_gmt":"2020-11-18T15:48:08","guid":{"rendered":"http:\/\/thpinformatica.com.br\/?page_id=98"},"modified":"2020-11-18T15:48:09","modified_gmt":"2020-11-18T15:48:09","slug":"smartphones-e-tablets","status":"publish","type":"page","link":"https:\/\/thpinformatica.com.br\/site\/smartphones-e-tablets\/","title":{"rendered":"Smartphones e Tablets"},"content":{"rendered":"<div id=\"metaslider-id-100\" style=\"width: 100%;\" class=\"ml-slider-3-18-2 metaslider metaslider-flex metaslider-100 ml-slider\">\n    <div id=\"metaslider_container_100\">\n        <div id=\"metaslider_100\">\n            <ul aria-live=\"polite\" class=\"slides\">\n                <li style=\"display: none; width: 100%;\" class=\"slide-109 ms-image\"><img src=\"https:\/\/thpinformatica.com.br\/site\/wp-content\/uploads\/2020\/11\/slider-paginas_smartphones_tablets_2_2.jpg\" height=\"599\" width=\"1200\" alt=\"\" class=\"slider-100 slide-109\" title=\"slider-paginas_smartphones_tablets_2_2\" \/><\/li>\n                <li style=\"display: none; width: 100%;\" class=\"slide-107 ms-image\"><img src=\"https:\/\/thpinformatica.com.br\/site\/wp-content\/uploads\/2020\/11\/slider-paginas_smartphones_tablets_3.jpg\" height=\"599\" width=\"1200\" alt=\"\" class=\"slider-100 slide-107\" title=\"slider-paginas_smartphones_tablets_3\" \/><\/li>\n                <li style=\"display: none; width: 100%;\" class=\"slide-108 ms-image\"><img src=\"https:\/\/thpinformatica.com.br\/site\/wp-content\/uploads\/2020\/11\/slider-paginas_smartphones_tablets_1_1.jpg\" height=\"599\" width=\"1200\" alt=\"\" class=\"slider-100 slide-108\" title=\"slider-paginas_smartphones_tablets_1_1\" \/><\/li>\n            <\/ul>\n        <\/div>\n        \n    <\/div>\n<\/div>\n\n\n\n<p>Realizamos reparos no seu smparthone ou tablet, de diversas marcas, especialmente Apple. Veja abaixo alguns dos servi\u00e7os que oferecemos:<\/p>\n\n\n\n<ul><li>Troca de tela<\/li><li>Troca de conector de carga<\/li><li>Resoldagem de componentes<\/li><li>Recupera\u00e7\u00e3o de placas<\/li><li>Formata\u00e7\u00e3o e desbloqueio<\/li><li>Troca de outros componentes, como c\u00e3meras, microfones e sensores<\/li><\/ul>\n","protected":false},"excerpt":{"rendered":"<p>Realizamos reparos no seu smparthone ou tablet, de diversas marcas, especialmente Apple. Veja abaixo alguns dos servi\u00e7os que oferecemos: Troca de tela Troca de conector de carga Resoldagem de componentes Recupera\u00e7\u00e3o de placas Formata\u00e7\u00e3o e desbloqueio Troca de outros componentes, como c\u00e3meras, microfones e sensores<\/p>\n","protected":false},"author":1,"featured_media":0,"parent":0,"menu_order":0,"comment_status":"closed","ping_status":"closed","template":"","meta":[],"_links":{"self":[{"href":"https:\/\/thpinformatica.com.br\/site\/wp-json\/wp\/v2\/pages\/98"}],"collection":[{"href":"https:\/\/thpinformatica.com.br\/site\/wp-json\/wp\/v2\/pages"}],"about":[{"href":"https:\/\/thpinformatica.com.br\/site\/wp-json\/wp\/v2\/types\/page"}],"author":[{"embeddable":true,"href":"https:\/\/thpinformatica.com.br\/site\/wp-json\/wp\/v2\/users\/1"}],"replies":[{"embeddable":true,"href":"https:\/\/thpinformatica.com.br\/site\/wp-json\/wp\/v2\/comments?post=98"}],"version-history":[{"count":2,"href":"https:\/\/thpinformatica.com.br\/site\/wp-json\/wp\/v2\/pages\/98\/revisions"}],"predecessor-version":[{"id":110,"href":"https:\/\/thpinformatica.com.br\/site\/wp-json\/wp\/v2\/pages\/98\/revisions\/110"}],"wp:attachment":[{"href":"https:\/\/thpinformatica.com.br\/site\/wp-json\/wp\/v2\/media?parent=98"}],"curies":[{"name":"wp","href":"https:\/\/api.w.org\/{rel}","templated":true}]}}